{"id":20,"date":"2024-12-17T15:54:42","date_gmt":"2024-12-17T14:54:42","guid":{"rendered":"http:\/\/127.0.0.1\/Maggy%20May%20Produtions\/wordpress\/?page_id=20"},"modified":"2025-04-02T16:17:59","modified_gmt":"2025-04-02T14:17:59","slug":"20-2","status":"publish","type":"page","link":"https:\/\/maggymayproductions.com\/","title":{"rendered":"Accueil"},"content":{"rendered":"\n<div class=\"wp-block-cover is-light has-small-font-size wp-duotone-unset-1\" style=\"min-height:610px;aspect-ratio:unset;\"><span aria-hidden=\"true\" class=\"wp-block-cover__background has-background-dim-30 has-background-dim\" style=\"background-color:#81857b\"><\/span><img loading=\"lazy\" decoding=\"async\" width=\"609\" height=\"343\" class=\"wp-block-cover__image-background wp-image-25\" alt=\"\" src=\"https:\/\/maggymayproductions.com\/wp-content\/uploads\/2024\/12\/autoentrepreneur.jpg\" style=\"object-position:50% 46%\" data-object-fit=\"cover\" data-object-position=\"50% 46%\" srcset=\"https:\/\/maggymayproductions.com\/wp-content\/uploads\/2024\/12\/autoentrepreneur.jpg 609w, https:\/\/maggymayproductions.com\/wp-content\/uploads\/2024\/12\/autoentrepreneur-300x169.jpg 300w\" sizes=\"auto, (max-width: 609px) 100vw, 609px\" \/><div class=\"wp-block-cover__inner-container is-layout-constrained wp-block-cover-is-layout-constrained\">\n<p class=\"has-text-align-center has-x-large-font-size\"><strong><mark style=\"background-color:rgba(0, 0, 0, 0)\" class=\"has-inline-color has-white-color\">Titre Principal<\/mark><\/strong><\/p>\n\n\n\n<p class=\"has-text-align-center has-large-font-size\"><strong><mark style=\"background-color:rgba(0, 0, 0, 0)\" class=\"has-inline-color has-white-color\">Sous Titre \u00e0 sizer selon le contenu de celui-ci!<\/mark><\/strong><\/p>\n<\/div><\/div>\n\n\n\n<div class=\"wp-block-group\"><div class=\"wp-block-group__inner-container is-layout-constrained wp-block-group-is-layout-constrained\">\n<p><\/p>\n\n\n\n<div class=\"wp-block-columns is-layout-flex wp-container-core-columns-is-layout-9d6595d7 wp-block-columns-is-layout-flex\">\n<div class=\"wp-block-column has-background is-layout-flow wp-block-column-is-layout-flow\" style=\"background-color:#d5ad37\">\n<h2 class=\"wp-block-heading has-large-font-size\">R\u00e9daction SEO<\/h2>\n\n\n\n<p class=\"has-small-font-size\">Nos services de conseil visent \u00e0 lib\u00e9rer votre potentiel et vous guider vers la r\u00e9ussite. Devenez notre partenaire. Ensemble, nous transformerons les d\u00e9fis en opportunit\u00e9s. lorem ipsum dolore et Quanta autem vis amicitiae sit, ex hoc intellegi maxime potest, quod ex infinita societate generis humani, quam conciliavit ipsa natura, ita contracta res est et adducta in<\/p>\n\n\n\n<p>Nos services de conseil visent \u00e0 lib\u00e9rer votre potentiel et vous guider vers la r\u00e9ussite. Devenez notre partenaire. Ensemble, nous transformerons les d\u00e9fis en opportunit\u00e9s. lorem ipsum dolore et Quanta autem vis amicitiae sit, ex hoc intellegi maxime potest, quod ex infinita societate generis humani, quam conciliavit ipsa natura, ita contracta res est et adducta inNos services de conseil visent \u00e0 lib\u00e9rer votre potentiel et vous guider vers la r\u00e9ussite. Devenez notre partenaire. Ensemble, nous transformerons les d\u00e9fis en opportunit\u00e9s. lorem ipsum dolore et Quanta autem vis amicitiae sit, ex hoc intellegi maxime potest, quod ex infinita societate generis humani, quam conciliavit ipsa natura, ita contracta res est et adducta inNos services de conseil visent \u00e0 lib\u00e9rer votre potentiel et vous guider vers la r\u00e9ussite. Devenez notre partenaire. Ensemble, nous transformerons les d\u00e9fis en opportunit\u00e9s. lorem ipsum dolore et Quanta autem vis amicitiae sit, ex hoc intellegi maxime potest, quod ex infinita societate generis humani, quam conciliavit ipsa natura, ita contracta res est et adducta inNos services de conseil visent \u00e0 lib\u00e9rer votre potentiel et vous guider vers la r\u00e9ussite. Devenez notre partenaire. Ensemble, nous transformerons les d\u00e9fis en opportunit\u00e9s. lorem ipsum dolore et Quanta autem vis amicitiae sit, ex hoc intellegi maxime potest, quod ex infinita societate generis humani, quam conciliavit ipsa natura, ita contracta res est et adducta inNos services de conseil visent \u00e0 lib\u00e9rer votre potentiel et vous guider vers la r\u00e9ussite. Devenez notre partenaire. Ensemble, nous transformerons les d\u00e9fis en opportunit\u00e9s. lorem ipsum dolore et Quanta autem vis amicitiae sit, ex hoc intellegi maxime potest, quod ex infinita societate generis humani, quam conciliavit ipsa natura, ita contracta res est et adducta in<\/p>\n<\/div>\n\n\n\n<div class=\"wp-block-column has-background is-layout-flow wp-block-column-is-layout-flow\" style=\"background-color:#d5ad37\">\n<h2 class=\"wp-block-heading has-large-font-size\">Traduction de l&rsquo;anglais vers le fran\u00e7ais<\/h2>\n\n\n\n<p class=\"has-small-font-size\">Nous privil\u00e9gions une approche holistique en veillant \u00e0 l\u2019optimisation de chaque aspect de vos op\u00e9rations pour parvenir \u00e0 des performances maximales. En nous concentrant sur la strat\u00e9gie et l\u2019adaptabilit\u00e9, nous transformons les visions en r\u00e9sultats tangibles.Quanta autem vis amicitiae sit, ex hoc intellegi maxime potest, quod ex infinita societate generis humani, quam conciliavit ipsa natura, ita contracta res est et adducta in. plus d&rsquo;information<\/p>\n<\/div>\n<\/div>\n\n\n\n<p><\/p>\n\n\n\n<div class=\"wp-block-columns is-layout-flex wp-container-core-columns-is-layout-9d6595d7 wp-block-columns-is-layout-flex\">\n<div class=\"wp-block-column has-background is-layout-flow wp-block-column-is-layout-flow\" style=\"background-color:#d5ad37\">\n<h2 class=\"wp-block-heading has-large-font-size\">R\u00e9daction SEO<\/h2>\n\n\n\n<p class=\"has-small-font-size\">Nos services de conseil visent \u00e0 lib\u00e9rer votre potentiel et vous guider vers la r\u00e9ussite. Devenez notre partenaire. Ensemble, nous transformerons les d\u00e9fis en opportunit\u00e9s. lorem ipsum dolore et Quanta autem vis amicitiae sit, ex hoc intellegi maxime potest, quod ex infinita societate generis humani, quam conciliavit ipsa natura, ita contracta res est et adducta in<\/p>\n<\/div>\n\n\n\n<div class=\"wp-block-column has-background is-layout-flow wp-block-column-is-layout-flow\" style=\"background-color:#d5ad37\">\n<h2 class=\"wp-block-heading has-large-font-size\">Traduction de l&rsquo;anglais vers le fran\u00e7ais<\/h2>\n\n\n\n<p class=\"has-small-font-size\">Nous privil\u00e9gions une approche holistique en veillant \u00e0 l\u2019optimisation de chaque aspect de vos op\u00e9rations pour parvenir \u00e0 des performances maximales. En nous concentrant sur la strat\u00e9gie et l\u2019adaptabilit\u00e9, nous transformons les visions en r\u00e9sultats tangibles.Quanta autem vis amicitiae sit, ex hoc intellegi maxime potest, quod ex infinita societate generis humani, quam conciliavit ipsa natura, ita contracta res est et adducta in. plus d&rsquo;information<\/p>\n<\/div>\n<\/div>\n<\/div><\/div>\n\n\n\n<div class=\"wp-block-columns is-layout-flex wp-container-core-columns-is-layout-9d6595d7 wp-block-columns-is-layout-flex\">\n<div class=\"wp-block-column is-layout-flow wp-block-column-is-layout-flow\" style=\"flex-basis:25%\"><\/div>\n\n\n\n<div class=\"wp-block-column is-layout-flow wp-block-column-is-layout-flow\" style=\"flex-basis:50%\">\n<p><\/p>\n\n\n\n<p class=\"contactTitle has-cyan-bluish-gray-color has-text-color has-link-color has-large-font-size wp-elements-09333141d139ae324e96904e6b36bc46\"><strong>Contact<\/strong><\/p>\n\n\n<div class=\"wpforms-container wpforms-container-full wpforms-render-modern\" id=\"wpforms-93\"><form id=\"wpforms-form-93\" class=\"wpforms-validate wpforms-form wpforms-ajax-form\" data-formid=\"93\" method=\"post\" enctype=\"multipart\/form-data\" action=\"\/index.php\/wp-json\/wp\/v2\/pages\/20\" data-token=\"ba2de62e1f04afa728f3d54cca42d5d3\" data-token-time=\"1776437630\"><noscript class=\"wpforms-error-noscript\">Veuillez activer JavaScript dans votre navigateur pour remplir ce formulaire.<\/noscript><div id=\"wpforms-error-noscript\" style=\"display: none;\">Veuillez activer JavaScript dans votre navigateur pour remplir ce formulaire.<\/div><div class=\"wpforms-field-container\"><div id=\"wpforms-93-field_4-container\" class=\"wpforms-field wpforms-field-name\" data-field-id=\"4\"><fieldset><legend class=\"wpforms-field-label wpforms-label-hide\" aria-hidden=\"false\">Contat <span class=\"wpforms-required-label\" aria-hidden=\"true\">*<\/span><\/legend><div class=\"wpforms-field-row wpforms-field-small\"><div class=\"wpforms-field-row-block wpforms-first wpforms-one-half\"><input type=\"text\" id=\"wpforms-93-field_4\" class=\"wpforms-field-name-first wpforms-field-required\" name=\"wpforms[fields][4][first]\" placeholder=\"Pr\u00e9nom\" aria-errormessage=\"wpforms-93-field_4-error\" required><label for=\"wpforms-93-field_4\" class=\"wpforms-field-sublabel after wpforms-sublabel-hide\">Pr\u00e9nom<\/label><\/div><div class=\"wpforms-field-row-block wpforms-one-half\"><input type=\"text\" id=\"wpforms-93-field_4-last\" class=\"wpforms-field-name-last wpforms-field-required\" name=\"wpforms[fields][4][last]\" placeholder=\"Nom\" aria-errormessage=\"wpforms-93-field_4-last-error\" required><label for=\"wpforms-93-field_4-last\" class=\"wpforms-field-sublabel after wpforms-sublabel-hide\">Nom<\/label><\/div><\/div><\/fieldset><\/div>\t\t<div id=\"wpforms-93-field_1-container\"\n\t\t\tclass=\"wpforms-field wpforms-field-text\"\n\t\t\tdata-field-type=\"text\"\n\t\t\tdata-field-id=\"1\"\n\t\t\t>\n\t\t\t<label class=\"wpforms-field-label\" for=\"wpforms-93-field_1\" >Message E-mail Contat<\/label>\n\t\t\t<input type=\"text\" id=\"wpforms-93-field_1\" class=\"wpforms-field-medium\" name=\"wpforms[fields][1]\" >\n\t\t<\/div>\n\t\t<div id=\"wpforms-93-field_2-container\" class=\"wpforms-field wpforms-field-email\" data-field-id=\"2\"><label class=\"wpforms-field-label wpforms-label-hide\" for=\"wpforms-93-field_2\" aria-hidden=\"false\">E-mail <span class=\"wpforms-required-label\" aria-hidden=\"true\">*<\/span><\/label><input type=\"email\" id=\"wpforms-93-field_2\" class=\"wpforms-field-small wpforms-field-required\" name=\"wpforms[fields][2]\" placeholder=\"E-mail\" spellcheck=\"false\" aria-errormessage=\"wpforms-93-field_2-error\" required><\/div><div id=\"wpforms-93-field_3-container\" class=\"wpforms-field wpforms-field-textarea\" data-field-id=\"3\"><label class=\"wpforms-field-label wpforms-label-hide\" for=\"wpforms-93-field_3\" aria-hidden=\"false\">Message <span class=\"wpforms-required-label\" aria-hidden=\"true\">*<\/span><\/label><textarea id=\"wpforms-93-field_3\" class=\"wpforms-field-small wpforms-field-required\" name=\"wpforms[fields][3]\" placeholder=\"Commentaire ou message\" aria-errormessage=\"wpforms-93-field_3-error\" required><\/textarea><\/div><script>\n\t\t\t\t( function() {\n\t\t\t\t\tconst style = document.createElement( 'style' );\n\t\t\t\t\tstyle.appendChild( document.createTextNode( '#wpforms-93-field_1-container { position: absolute !important; overflow: hidden !important; display: inline !important; height: 1px !important; width: 1px !important; z-index: -1000 !important; padding: 0 !important; } #wpforms-93-field_1-container input { visibility: hidden; } #wpforms-conversational-form-page #wpforms-93-field_1-container label { counter-increment: none; }' ) );\n\t\t\t\t\tdocument.head.appendChild( style );\n\t\t\t\t\tdocument.currentScript?.remove();\n\t\t\t\t} )();\n\t\t\t<\/script><\/div><!-- .wpforms-field-container --><div class=\"wpforms-submit-container\" ><input type=\"hidden\" name=\"wpforms[id]\" value=\"93\"><input type=\"hidden\" name=\"page_title\" value=\"\"><input type=\"hidden\" name=\"page_url\" value=\"https:\/\/maggymayproductions.com\/index.php\/wp-json\/wp\/v2\/pages\/20\"><input type=\"hidden\" name=\"url_referer\" value=\"\"><button type=\"submit\" name=\"wpforms[submit]\" id=\"wpforms-submit-93\" class=\"wpforms-submit contactButton\" data-alt-text=\"Envoi...\" data-submit-text=\"Contactez-moi\" aria-live=\"assertive\" value=\"wpforms-submit\">Contactez-moi<\/button><img loading=\"lazy\" decoding=\"async\" src=\"https:\/\/maggymayproductions.com\/wp-content\/plugins\/wpforms-lite\/assets\/images\/submit-spin.svg\" class=\"wpforms-submit-spinner\" style=\"display: none;\" width=\"26\" height=\"26\" alt=\"Chargement en cours\"><\/div><\/form><\/div>  <!-- .wpforms-container -->\n<\/div>\n\n\n\n<div class=\"wp-block-column is-layout-flow wp-block-column-is-layout-flow\" style=\"flex-basis:25%\"><\/div>\n<\/div>\n","protected":false},"excerpt":{"rendered":"<p>R\u00e9daction SEO Nos services de conseil visent \u00e0 lib\u00e9rer votre potentiel et vous guider vers la r\u00e9ussite. Devenez notre partenaire. Ensemble, nous transformerons les d\u00e9fis en opportunit\u00e9s. lorem ipsum dolore et Quanta autem vis amicitiae sit, ex hoc intellegi maxime potest, quod ex infinita societate generis humani, quam conciliavit ipsa natura, ita contracta res est [&hellip;]<\/p>\n","protected":false},"author":1,"featured_media":25,"parent":0,"menu_order":0,"comment_status":"closed","ping_status":"closed","template":"","meta":{"ocean_post_layout":"full-width","ocean_both_sidebars_style":"","ocean_both_sidebars_content_width":0,"ocean_both_sidebars_sidebars_width":0,"ocean_sidebar":"","ocean_second_sidebar":"","ocean_disable_margins":"enable","ocean_add_body_class":"","ocean_shortcode_before_top_bar":"","ocean_shortcode_after_top_bar":"","ocean_shortcode_before_header":"","ocean_shortcode_after_header":"","ocean_has_shortcode":"","ocean_shortcode_after_title":"","ocean_shortcode_before_footer_widgets":"","ocean_shortcode_after_footer_widgets":"","ocean_shortcode_before_footer_bottom":"","ocean_shortcode_after_footer_bottom":"","ocean_display_top_bar":"off","ocean_display_header":"on","ocean_header_style":"","ocean_center_header_left_menu":"","ocean_custom_header_template":"","ocean_custom_logo":0,"ocean_custom_retina_logo":0,"ocean_custom_logo_max_width":0,"ocean_custom_logo_tablet_max_width":0,"ocean_custom_logo_mobile_max_width":0,"ocean_custom_logo_max_height":0,"ocean_custom_logo_tablet_max_height":0,"ocean_custom_logo_mobile_max_height":0,"ocean_header_custom_menu":"","ocean_menu_typo_font_family":"","ocean_menu_typo_font_subset":"","ocean_menu_typo_font_size":0,"ocean_menu_typo_font_size_tablet":0,"ocean_menu_typo_font_size_mobile":0,"ocean_menu_typo_font_size_unit":"px","ocean_menu_typo_font_weight":"","ocean_menu_typo_font_weight_tablet":"","ocean_menu_typo_font_weight_mobile":"","ocean_menu_typo_transform":"","ocean_menu_typo_transform_tablet":"","ocean_menu_typo_transform_mobile":"","ocean_menu_typo_line_height":0,"ocean_menu_typo_line_height_tablet":0,"ocean_menu_typo_line_height_mobile":0,"ocean_menu_typo_line_height_unit":"","ocean_menu_typo_spacing":0,"ocean_menu_typo_spacing_tablet":0,"ocean_menu_typo_spacing_mobile":0,"ocean_menu_typo_spacing_unit":"","ocean_menu_link_color":"","ocean_menu_link_color_hover":"","ocean_menu_link_color_active":"#d9b046","ocean_menu_link_background":"","ocean_menu_link_hover_background":"","ocean_menu_link_active_background":"","ocean_menu_social_links_bg":"","ocean_menu_social_hover_links_bg":"","ocean_menu_social_links_color":"","ocean_menu_social_hover_links_color":"","ocean_disable_title":"on","ocean_disable_heading":"on","ocean_post_title":"","ocean_post_subheading":"","ocean_post_title_style":"","ocean_post_title_background_color":"","ocean_post_title_background":0,"ocean_post_title_bg_image_position":"","ocean_post_title_bg_image_attachment":"","ocean_post_title_bg_image_repeat":"","ocean_post_title_bg_image_size":"","ocean_post_title_height":0,"ocean_post_title_bg_overlay":0.5,"ocean_post_title_bg_overlay_color":"","ocean_disable_breadcrumbs":"off","ocean_breadcrumbs_color":"","ocean_breadcrumbs_separator_color":"","ocean_breadcrumbs_links_color":"","ocean_breadcrumbs_links_hover_color":"","ocean_display_footer_widgets":"off","ocean_display_footer_bottom":"on","ocean_custom_footer_template":"","footnotes":""},"class_list":["post-20","page","type-page","status-publish","has-post-thumbnail","hentry","entry","has-media"],"_links":{"self":[{"href":"https:\/\/maggymayproductions.com\/index.php\/wp-json\/wp\/v2\/pages\/20","targetHints":{"allow":["GET"]}}],"collection":[{"href":"https:\/\/maggymayproductions.com\/index.php\/wp-json\/wp\/v2\/pages"}],"about":[{"href":"https:\/\/maggymayproductions.com\/index.php\/wp-json\/wp\/v2\/types\/page"}],"author":[{"embeddable":true,"href":"https:\/\/maggymayproductions.com\/index.php\/wp-json\/wp\/v2\/users\/1"}],"replies":[{"embeddable":true,"href":"https:\/\/maggymayproductions.com\/index.php\/wp-json\/wp\/v2\/comments?post=20"}],"version-history":[{"count":64,"href":"https:\/\/maggymayproductions.com\/index.php\/wp-json\/wp\/v2\/pages\/20\/revisions"}],"predecessor-version":[{"id":678,"href":"https:\/\/maggymayproductions.com\/index.php\/wp-json\/wp\/v2\/pages\/20\/revisions\/678"}],"wp:featuredmedia":[{"embeddable":true,"href":"https:\/\/maggymayproductions.com\/index.php\/wp-json\/wp\/v2\/media\/25"}],"wp:attachment":[{"href":"https:\/\/maggymayproductions.com\/index.php\/wp-json\/wp\/v2\/media?parent=20"}],"curies":[{"name":"wp","href":"https:\/\/api.w.org\/{rel}","templated":true}]}}