{"id":38,"date":"2024-12-18T13:54:33","date_gmt":"2024-12-18T12:54:33","guid":{"rendered":"http:\/\/127.0.0.1\/Maggy%20May%20Produtions\/wordpress\/?page_id=38"},"modified":"2025-04-16T10:42:21","modified_gmt":"2025-04-16T08:42:21","slug":"a-proppos","status":"publish","type":"page","link":"https:\/\/maggymayproductions.com\/index.php\/a-proppos\/","title":{"rendered":"A propos"},"content":{"rendered":"\n<div class=\"wp-block-cover wp-duotone-grayscale\"><img loading=\"lazy\" decoding=\"async\" width=\"1500\" height=\"1125\" class=\"wp-block-cover__image-background wp-image-150\" alt=\"Maggy\" src=\"https:\/\/maggymayproductions.com\/wp-content\/uploads\/2025\/01\/encart-photo-pro.jpg\" data-object-fit=\"cover\" srcset=\"https:\/\/maggymayproductions.com\/wp-content\/uploads\/2025\/01\/encart-photo-pro.jpg 1500w, https:\/\/maggymayproductions.com\/wp-content\/uploads\/2025\/01\/encart-photo-pro-300x225.jpg 300w, https:\/\/maggymayproductions.com\/wp-content\/uploads\/2025\/01\/encart-photo-pro-1024x768.jpg 1024w, https:\/\/maggymayproductions.com\/wp-content\/uploads\/2025\/01\/encart-photo-pro-768x576.jpg 768w\" sizes=\"auto, (max-width: 1500px) 100vw, 1500px\" \/><span aria-hidden=\"true\" class=\"wp-block-cover__background has-background-dim\" style=\"background-color:#926e85\"><\/span><div class=\"wp-block-cover__inner-container is-layout-constrained wp-block-cover-is-layout-constrained\">\n<p class=\"has-text-align-center has-large-font-size\">A Propos De Moi, De Nous&#8230;<\/p>\n<\/div><\/div>\n\n\n\n<p class=\"has-small-font-size\"><\/p>\n\n\n\n<div class=\"wp-block-media-text has-media-on-the-right is-stacked-on-mobile\"><div class=\"wp-block-media-text__content\">\n<h2 class=\"wp-block-heading has-cyan-bluish-gray-color has-text-color has-link-color has-large-font-size wp-elements-052489bdf7d44bc7389138d371e055a6\">Mon histoire<\/h2>\n\n\n\n<p class=\"has-white-color has-text-color has-link-color has-medium-font-size wp-elements-e551f075ce6900e0c353531c48975e6c\">Apr\u00e8s plusieurs ann\u00e9es comme responsable de produits informatiques et responsable de la communication dans un festival de rock, j&rsquo;ai bifurquer ma carri\u00e8re vers la traduction de produit digitaux aux entreprises tel que j&rsquo;ai toujours voulu le faire \u00e0 grande \u00e9chelle. Mettre un blabla plus etoff\u00e9 et vendeur. \ud83d\ude09<\/p>\n\n\n\n<h2 class=\"wp-block-heading has-cyan-bluish-gray-color has-text-color has-link-color has-large-font-size wp-elements-fa56ac8567b64b02cd5a3bc3a8ca8b1d\"><strong>Mes valeurs<\/strong><\/h2>\n\n\n\n<p class=\"has-white-color has-text-color has-link-color has-medium-font-size wp-elements-14a4a2b3607a4eca1089fe4a47f51050\"> L&rsquo;aventure Mad Maggy Production a commenc\u00e9 en 2023&#8230;.<br><strong>Lorem Ipsum<\/strong> is simply dummy text of the printing and typesetting industry. Lorem Ipsum has been the industry&rsquo;s standard dummy text ever since the 1500s, when an unknown printer took a galley of type and scrambled it to make a type specimen book. <\/p>\n\n\n\n<h2 class=\"wp-block-heading has-cyan-bluish-gray-color has-text-color has-link-color has-large-font-size wp-elements-009c51106a0bfd20695f073f446bfc6e\"><strong>Mes exp\u00e9riences<\/strong><\/h2>\n\n\n\n<div class=\"wp-block-columns is-layout-flex wp-container-core-columns-is-layout-9d6595d7 wp-block-columns-is-layout-flex\">\n<div class=\"wp-block-column is-layout-flow wp-block-column-is-layout-flow\" style=\"flex-basis:66.66%\">\n<p class=\"has-white-color has-text-color has-link-color has-medium-font-size wp-elements-5858a05a3516b97d2686e2e17ec091bf\">blablablabla, si vous voulez y jeter un \u0153il :<\/p>\n<\/div>\n<\/div>\n\n\n\n<ul class=\"wp-block-social-links is-layout-flex wp-block-social-links-is-layout-flex\"><li class=\"wp-social-link wp-social-link-linkedin  wp-block-social-link\"><a href=\"https:\/\/www.linkedin.com\/in\/maggyledent\/\" class=\"wp-block-social-link-anchor\"><svg width=\"24\" height=\"24\" viewBox=\"0 0 24 24\" version=\"1.1\" xmlns=\"http:\/\/www.w3.org\/2000\/svg\" aria-hidden=\"true\" focusable=\"false\"><path d=\"M19.7,3H4.3C3.582,3,3,3.582,3,4.3v15.4C3,20.418,3.582,21,4.3,21h15.4c0.718,0,1.3-0.582,1.3-1.3V4.3 C21,3.582,20.418,3,19.7,3z M8.339,18.338H5.667v-8.59h2.672V18.338z M7.004,8.574c-0.857,0-1.549-0.694-1.549-1.548 c0-0.855,0.691-1.548,1.549-1.548c0.854,0,1.547,0.694,1.547,1.548C8.551,7.881,7.858,8.574,7.004,8.574z M18.339,18.338h-2.669 v-4.177c0-0.996-0.017-2.278-1.387-2.278c-1.389,0-1.601,1.086-1.601,2.206v4.249h-2.667v-8.59h2.559v1.174h0.037 c0.356-0.675,1.227-1.387,2.526-1.387c2.703,0,3.203,1.779,3.203,4.092V18.338z\"><\/path><\/svg><span class=\"wp-block-social-link-label screen-reader-text\">LinkedIn<\/span><\/a><\/li><\/ul>\n<\/div><figure class=\"wp-block-media-text__media\"><img loading=\"lazy\" decoding=\"async\" width=\"1024\" height=\"768\" src=\"https:\/\/maggymayproductions.com\/wp-content\/uploads\/2025\/01\/encart-photo-pro-1024x768.jpg\" alt=\"Maggy face\" class=\"wp-image-150 size-full\" srcset=\"https:\/\/maggymayproductions.com\/wp-content\/uploads\/2025\/01\/encart-photo-pro-1024x768.jpg 1024w, https:\/\/maggymayproductions.com\/wp-content\/uploads\/2025\/01\/encart-photo-pro-300x225.jpg 300w, https:\/\/maggymayproductions.com\/wp-content\/uploads\/2025\/01\/encart-photo-pro-768x576.jpg 768w, https:\/\/maggymayproductions.com\/wp-content\/uploads\/2025\/01\/encart-photo-pro.jpg 1500w\" sizes=\"auto, (max-width: 1024px) 100vw, 1024px\" \/><\/figure><\/div>\n\n\n\n<p class=\"has-text-align-center has-cyan-bluish-gray-color has-text-color has-link-color has-large-font-size wp-elements-1ee1604cbc00c8d1660d875fe9b2af76\"><strong>Maggy May Productions en quelques chiffres<\/strong><\/p>\n\n\n<div class=\"alignwide wp-block-ctrb-counters\" id='ctrbCounters-1' data-attributes='{&quot;counters&quot;:[{&quot;background&quot;:{&quot;color&quot;:&quot;rgba(48, 39, 40, 1)&quot;},&quot;icon&quot;:{&quot;class&quot;:&quot;fa-solid fa-clipboard-check&quot;,&quot;fontSize&quot;:50,&quot;color&quot;:&quot;#fff&quot;},&quot;number&quot;:{&quot;start&quot;:300,&quot;end&quot;:300,&quot;prefix&quot;:&quot;&quot;,&quot;suffix&quot;:&quot;+&quot;,&quot;color&quot;:&quot;#fff&quot;},&quot;label&quot;:{&quot;text&quot;:&quot;Contenus Traduis&quot;,&quot;color&quot;:&quot;#fff&quot;}},{&quot;background&quot;:{&quot;color&quot;:&quot;rgba(48, 39, 40, 1)&quot;},&quot;icon&quot;:{&quot;class&quot;:&quot;fa-regular fa-handshake&quot;,&quot;fontSize&quot;:50,&quot;color&quot;:&quot;#fff&quot;},&quot;number&quot;:{&quot;start&quot;:10,&quot;end&quot;:10,&quot;prefix&quot;:&quot;&quot;,&quot;suffix&quot;:&quot;&quot;,&quot;color&quot;:&quot;#fff&quot;},&quot;label&quot;:{&quot;text&quot;:&quot;Entreprises valoris\\u00e9es&quot;,&quot;color&quot;:&quot;#fff&quot;}},{&quot;background&quot;:{&quot;color&quot;:&quot;rgba(48, 39, 40, 1)&quot;},&quot;icon&quot;:{&quot;class&quot;:&quot;fa-solid fa-beer-mug-empty&quot;,&quot;fontSize&quot;:50,&quot;color&quot;:&quot;#fff&quot;},&quot;number&quot;:{&quot;start&quot;:900,&quot;end&quot;:900,&quot;prefix&quot;:&quot;&quot;,&quot;suffix&quot;:&quot;&quot;,&quot;color&quot;:&quot;#fff&quot;},&quot;label&quot;:{&quot;text&quot;:&quot;th\\u00e9s consomm\\u00e9s&quot;,&quot;color&quot;:&quot;#fff&quot;}}],&quot;counterWidth&quot;:&quot;200px&quot;,&quot;counterHeight&quot;:&quot;200px&quot;,&quot;counterPadding&quot;:{&quot;vertical&quot;:&quot;20px&quot;,&quot;horizontal&quot;:&quot;20px&quot;,&quot;side&quot;:2,&quot;top&quot;:&quot;20px&quot;,&quot;right&quot;:&quot;20px&quot;,&quot;bottom&quot;:&quot;20px&quot;,&quot;left&quot;:&quot;20px&quot;},&quot;align&quot;:&quot;wide&quot;,&quot;theme&quot;:&quot;default&quot;,&quot;columns&quot;:{&quot;desktop&quot;:3,&quot;tablet&quot;:2,&quot;mobile&quot;:1},&quot;columnGap&quot;:&quot;20px&quot;,&quot;rowGap&quot;:&quot;30px&quot;,&quot;duration&quot;:2000,&quot;separator&quot;:{&quot;char&quot;:&quot;&quot;},&quot;background&quot;:{&quot;color&quot;:&quot;#0000&quot;},&quot;padding&quot;:{&quot;vertical&quot;:&quot;20px&quot;,&quot;horizontal&quot;:&quot;0px&quot;},&quot;textAlign&quot;:&quot;center&quot;,&quot;isIcon&quot;:true,&quot;iconSize&quot;:50,&quot;iconPosition&quot;:&quot;top&quot;,&quot;numberTypo&quot;:{&quot;fontSize&quot;:{&quot;desktop&quot;:48,&quot;tablet&quot;:40,&quot;mobile&quot;:32}},&quot;isLabel&quot;:true,&quot;labelTypo&quot;:{&quot;fontSize&quot;:{&quot;desktop&quot;:22,&quot;tablet&quot;:20,&quot;mobile&quot;:18}},&quot;counterBorder&quot;:{&quot;radius&quot;:&quot;50%&quot;},&quot;counterShadow&quot;:[]}'><\/div>\n\n\n<p class=\"has-text-align-center has-cyan-bluish-gray-color has-text-color has-link-color has-large-font-size wp-elements-71fdea6cfe3a0e1fb84ce85dfc63343b\"><strong>Contact<\/strong><\/p>\n\n\n\n<div class=\"wp-block-columns is-layout-flex wp-container-core-columns-is-layout-9d6595d7 wp-block-columns-is-layout-flex\">\n<div class=\"wp-block-column is-layout-flow wp-block-column-is-layout-flow\" style=\"flex-basis:25%\"><\/div>\n\n\n\n<div class=\"wp-block-column is-layout-flow wp-block-column-is-layout-flow\" style=\"flex-basis:50%\"><div class=\"wpforms-container wpforms-container-full wpforms-render-modern\" id=\"wpforms-93\"><form id=\"wpforms-form-93\" class=\"wpforms-validate wpforms-form wpforms-ajax-form\" data-formid=\"93\" method=\"post\" enctype=\"multipart\/form-data\" action=\"\/index.php\/wp-json\/wp\/v2\/pages\/38\" data-token=\"ba2de62e1f04afa728f3d54cca42d5d3\" data-token-time=\"1776448100\"><noscript class=\"wpforms-error-noscript\">Veuillez activer JavaScript dans votre navigateur pour remplir ce formulaire.<\/noscript><div id=\"wpforms-error-noscript\" style=\"display: none;\">Veuillez activer JavaScript dans votre navigateur pour remplir ce formulaire.<\/div><div class=\"wpforms-field-container\">\t\t<div id=\"wpforms-93-field_1-container\"\n\t\t\tclass=\"wpforms-field wpforms-field-text\"\n\t\t\tdata-field-type=\"text\"\n\t\t\tdata-field-id=\"1\"\n\t\t\t>\n\t\t\t<label class=\"wpforms-field-label\" for=\"wpforms-93-field_1\" >Message E-mail Contat<\/label>\n\t\t\t<input type=\"text\" id=\"wpforms-93-field_1\" class=\"wpforms-field-medium\" name=\"wpforms[fields][1]\" >\n\t\t<\/div>\n\t\t<div id=\"wpforms-93-field_4-container\" class=\"wpforms-field wpforms-field-name\" data-field-id=\"4\"><fieldset><legend class=\"wpforms-field-label wpforms-label-hide\" aria-hidden=\"false\">Contat <span class=\"wpforms-required-label\" aria-hidden=\"true\">*<\/span><\/legend><div class=\"wpforms-field-row wpforms-field-small\"><div class=\"wpforms-field-row-block wpforms-first wpforms-one-half\"><input type=\"text\" id=\"wpforms-93-field_4\" class=\"wpforms-field-name-first wpforms-field-required\" name=\"wpforms[fields][4][first]\" placeholder=\"Pr\u00e9nom\" aria-errormessage=\"wpforms-93-field_4-error\" required><label for=\"wpforms-93-field_4\" class=\"wpforms-field-sublabel after wpforms-sublabel-hide\">Pr\u00e9nom<\/label><\/div><div class=\"wpforms-field-row-block wpforms-one-half\"><input type=\"text\" id=\"wpforms-93-field_4-last\" class=\"wpforms-field-name-last wpforms-field-required\" name=\"wpforms[fields][4][last]\" placeholder=\"Nom\" aria-errormessage=\"wpforms-93-field_4-last-error\" required><label for=\"wpforms-93-field_4-last\" class=\"wpforms-field-sublabel after wpforms-sublabel-hide\">Nom<\/label><\/div><\/div><\/fieldset><\/div><div id=\"wpforms-93-field_2-container\" class=\"wpforms-field wpforms-field-email\" data-field-id=\"2\"><label class=\"wpforms-field-label wpforms-label-hide\" for=\"wpforms-93-field_2\" aria-hidden=\"false\">E-mail <span class=\"wpforms-required-label\" aria-hidden=\"true\">*<\/span><\/label><input type=\"email\" id=\"wpforms-93-field_2\" class=\"wpforms-field-small wpforms-field-required\" name=\"wpforms[fields][2]\" placeholder=\"E-mail\" spellcheck=\"false\" aria-errormessage=\"wpforms-93-field_2-error\" required><\/div><div id=\"wpforms-93-field_3-container\" class=\"wpforms-field wpforms-field-textarea\" data-field-id=\"3\"><label class=\"wpforms-field-label wpforms-label-hide\" for=\"wpforms-93-field_3\" aria-hidden=\"false\">Message <span class=\"wpforms-required-label\" aria-hidden=\"true\">*<\/span><\/label><textarea id=\"wpforms-93-field_3\" class=\"wpforms-field-small wpforms-field-required\" name=\"wpforms[fields][3]\" placeholder=\"Commentaire ou message\" aria-errormessage=\"wpforms-93-field_3-error\" required><\/textarea><\/div><script>\n\t\t\t\t( function() {\n\t\t\t\t\tconst style = document.createElement( 'style' );\n\t\t\t\t\tstyle.appendChild( document.createTextNode( '#wpforms-93-field_1-container { position: absolute !important; overflow: hidden !important; display: inline !important; height: 1px !important; width: 1px !important; z-index: -1000 !important; padding: 0 !important; } #wpforms-93-field_1-container input { visibility: hidden; } #wpforms-conversational-form-page #wpforms-93-field_1-container label { counter-increment: none; }' ) );\n\t\t\t\t\tdocument.head.appendChild( style );\n\t\t\t\t\tdocument.currentScript?.remove();\n\t\t\t\t} )();\n\t\t\t<\/script><\/div><!-- .wpforms-field-container --><div class=\"wpforms-submit-container\" ><input type=\"hidden\" name=\"wpforms[id]\" value=\"93\"><input type=\"hidden\" name=\"page_title\" value=\"\"><input type=\"hidden\" name=\"page_url\" value=\"https:\/\/maggymayproductions.com\/index.php\/wp-json\/wp\/v2\/pages\/38\"><input type=\"hidden\" name=\"url_referer\" value=\"\"><button type=\"submit\" name=\"wpforms[submit]\" id=\"wpforms-submit-93\" class=\"wpforms-submit contactButton\" data-alt-text=\"Envoi...\" data-submit-text=\"Contactez-moi\" aria-live=\"assertive\" value=\"wpforms-submit\">Contactez-moi<\/button><img loading=\"lazy\" decoding=\"async\" src=\"https:\/\/maggymayproductions.com\/wp-content\/plugins\/wpforms-lite\/assets\/images\/submit-spin.svg\" class=\"wpforms-submit-spinner\" style=\"display: none;\" width=\"26\" height=\"26\" alt=\"Chargement en cours\"><\/div><\/form><\/div>  <!-- .wpforms-container -->\n<\/div>\n\n\n\n<div class=\"wp-block-column is-layout-flow wp-block-column-is-layout-flow\" style=\"flex-basis:25%\"><\/div>\n<\/div>\n","protected":false},"excerpt":{"rendered":"<p>Maggy May Productions en quelques chiffres Contact<\/p>\n","protected":false},"author":1,"featured_media":150,"parent":0,"menu_order":0,"comment_status":"closed","ping_status":"closed","template":"","meta":{"ocean_post_layout":"","ocean_both_sidebars_style":"","ocean_both_sidebars_content_width":0,"ocean_both_sidebars_sidebars_width":0,"ocean_sidebar":"","ocean_second_sidebar":"","ocean_disable_margins":"enable","ocean_add_body_class":"","ocean_shortcode_before_top_bar":"","ocean_shortcode_after_top_bar":"","ocean_shortcode_before_header":"","ocean_shortcode_after_header":"","ocean_has_shortcode":"","ocean_shortcode_after_title":"","ocean_shortcode_before_footer_widgets":"","ocean_shortcode_after_footer_widgets":"","ocean_shortcode_before_footer_bottom":"","ocean_shortcode_after_footer_bottom":"","ocean_display_top_bar":"off","ocean_display_header":"on","ocean_header_style":"","ocean_center_header_left_menu":"","ocean_custom_header_template":"","ocean_custom_logo":0,"ocean_custom_retina_logo":0,"ocean_custom_logo_max_width":0,"ocean_custom_logo_tablet_max_width":0,"ocean_custom_logo_mobile_max_width":0,"ocean_custom_logo_max_height":0,"ocean_custom_logo_tablet_max_height":0,"ocean_custom_logo_mobile_max_height":0,"ocean_header_custom_menu":"","ocean_menu_typo_font_family":"","ocean_menu_typo_font_subset":"","ocean_menu_typo_font_size":0,"ocean_menu_typo_font_size_tablet":0,"ocean_menu_typo_font_size_mobile":0,"ocean_menu_typo_font_size_unit":"px","ocean_menu_typo_font_weight":"","ocean_menu_typo_font_weight_tablet":"","ocean_menu_typo_font_weight_mobile":"","ocean_menu_typo_transform":"","ocean_menu_typo_transform_tablet":"","ocean_menu_typo_transform_mobile":"","ocean_menu_typo_line_height":0,"ocean_menu_typo_line_height_tablet":0,"ocean_menu_typo_line_height_mobile":0,"ocean_menu_typo_line_height_unit":"","ocean_menu_typo_spacing":0,"ocean_menu_typo_spacing_tablet":0,"ocean_menu_typo_spacing_mobile":0,"ocean_menu_typo_spacing_unit":"","ocean_menu_link_color":"","ocean_menu_link_color_hover":"","ocean_menu_link_color_active":"","ocean_menu_link_background":"","ocean_menu_link_hover_background":"","ocean_menu_link_active_background":"","ocean_menu_social_links_bg":"","ocean_menu_social_hover_links_bg":"","ocean_menu_social_links_color":"","ocean_menu_social_hover_links_color":"","ocean_disable_title":"on","ocean_disable_heading":"default","ocean_post_title":"En savoir plus ","ocean_post_subheading":"","ocean_post_title_style":"centered","ocean_post_title_background_color":"","ocean_post_title_background":0,"ocean_post_title_bg_image_position":"","ocean_post_title_bg_image_attachment":"","ocean_post_title_bg_image_repeat":"","ocean_post_title_bg_image_size":"","ocean_post_title_height":0,"ocean_post_title_bg_overlay":0.5,"ocean_post_title_bg_overlay_color":"","ocean_disable_breadcrumbs":"off","ocean_breadcrumbs_color":"","ocean_breadcrumbs_separator_color":"","ocean_breadcrumbs_links_color":"","ocean_breadcrumbs_links_hover_color":"","ocean_display_footer_widgets":"off","ocean_display_footer_bottom":"on","ocean_custom_footer_template":"","footnotes":""},"class_list":["post-38","page","type-page","status-publish","has-post-thumbnail","hentry","entry","has-media"],"_links":{"self":[{"href":"https:\/\/maggymayproductions.com\/index.php\/wp-json\/wp\/v2\/pages\/38","targetHints":{"allow":["GET"]}}],"collection":[{"href":"https:\/\/maggymayproductions.com\/index.php\/wp-json\/wp\/v2\/pages"}],"about":[{"href":"https:\/\/maggymayproductions.com\/index.php\/wp-json\/wp\/v2\/types\/page"}],"author":[{"embeddable":true,"href":"https:\/\/maggymayproductions.com\/index.php\/wp-json\/wp\/v2\/users\/1"}],"replies":[{"embeddable":true,"href":"https:\/\/maggymayproductions.com\/index.php\/wp-json\/wp\/v2\/comments?post=38"}],"version-history":[{"count":65,"href":"https:\/\/maggymayproductions.com\/index.php\/wp-json\/wp\/v2\/pages\/38\/revisions"}],"predecessor-version":[{"id":712,"href":"https:\/\/maggymayproductions.com\/index.php\/wp-json\/wp\/v2\/pages\/38\/revisions\/712"}],"wp:featuredmedia":[{"embeddable":true,"href":"https:\/\/maggymayproductions.com\/index.php\/wp-json\/wp\/v2\/media\/150"}],"wp:attachment":[{"href":"https:\/\/maggymayproductions.com\/index.php\/wp-json\/wp\/v2\/media?parent=38"}],"curies":[{"name":"wp","href":"https:\/\/api.w.org\/{rel}","templated":true}]}}